{"id":1665,"date":"2024-11-15T09:14:14","date_gmt":"2024-11-15T08:14:14","guid":{"rendered":"https:\/\/delenguaformacion.es\/producto\/spanish-intensive-course-siele-exam\/"},"modified":"2024-11-15T09:14:14","modified_gmt":"2024-11-15T08:14:14","slug":"spanish-intensive-course-siele-exam","status":"publish","type":"product","link":"https:\/\/delenguaformacion.es\/en\/producto\/spanish-intensive-course-siele-exam\/","title":{"rendered":"Spanish Intensive Course + SIELE exam"},"content":{"rendered":"<p>Escuela Delengua offers the possibility of certifying your level of Spanish through the <strong>SIELE<\/strong> exam (Servicio International de Evaluaci\u00f3n de la Lengua Espa\u00f1ola)<\/p>\n<p>The <strong>SIELE<\/strong> was created by the Instituto Cervantes, la Universidad National Aut\u00f3noma de M\u00e9xico, la Universidad de Salamanca and la Universidad de Buenos Aires, thus setting a very high standard of quality for the exam. Because this exam was formulated by these three highly prestigious institutions, a very high quality exam is assured. This exam is also pan-hispanic (testing all the varieties of the Spanish language found in all the Hispanic countries).<\/p>\n<p>SIELE attests your <strong>Spanish level through four different skill tests<\/strong>: Reading and listening comprehension, oral and written expression.<\/p>\n<p>By using the Common European Framework of Reference for Language (CEFR), the only framework of its kind supported by the European Council, and offering SIELE exam, Delengua adds to its broad and full spectrum of services.<\/p>\n<p>It is a simple process, one which will allow you to certify your <strong>level of Spanish<\/strong> with an official <strong>certificate of Spanish<\/strong> (valid for both undergrads and post-grads in university).<\/p>\n<p>Take advantage of what Escuela Delengua has to offer for your Spanish course and SIELE exam:<\/p>\n<p>Intensive Spanish course (20 classes per week in groups)<br \/>\nFinal SIELE exam<br \/>\nFinal course certificate<br \/>\nOfficial certificate of Spanish (SIELE)<br \/>\nCourse materials<br \/>\nPersonalised mentoring<\/p>\n<p><img decoding=\"async\" class=\"align-center\" src=\"https:\/\/www.delengua.es\/sites\/default\/files\/inline-images\/logo_siele_header.png\" alt=\"SIELE LOGO\" data-entity-type=\"file\" data-entity-uuid=\"6fec7b90-0617-4c82-851b-f7007aaae9c0\"><\/p>\n","protected":false},"excerpt":{"rendered":"<p>Escuela Delengua offers the possibility of certifying your level of Spanish through the SIELE exam (Servicio International de Evaluaci\u00f3n de la Lengua Espa\u00f1ola) The SIELE was created by the Instituto Cervantes, la Universidad National Aut\u00f3noma de M\u00e9xico, la Universidad de Salamanca and la Universidad de Buenos Aires, thus setting a very high standard of quality [&hellip;]<\/p>\n","protected":false},"featured_media":1490,"comment_status":"open","ping_status":"closed","template":"","meta":[],"product_brand":[],"product_cat":[43],"product_tag":[],"modalidad_curso":[28],"class_list":{"0":"post-1665","1":"product","2":"type-product","3":"status-publish","4":"has-post-thumbnail","6":"product_cat-uncategorized","7":"modalidad_curso-granada_espana","9":"first","10":"instock","11":"shipping-taxable","12":"product-type-simple"},"yoast_head":"<!-- This site is optimized with the Yoast SEO plugin v27.4 - https:\/\/yoast.com\/product\/yoast-seo-wordpress\/ -->\n<title>Spanish Intensive Course + SIELE exam - Delengua<\/title>\n<meta name=\"robots\" content=\"index, follow, max-snippet:-1, max-image-preview:large, max-video-preview:-1\" \/>\n<link rel=\"canonical\" href=\"https:\/\/delenguaformacion.es\/en\/producto\/spanish-intensive-course-siele-exam\/\" \/>\n<meta property=\"og:locale\" content=\"en_US\" \/>\n<meta property=\"og:type\" content=\"article\" \/>\n<meta property=\"og:title\" content=\"Spanish Intensive Course + SIELE exam - Delengua\" \/>\n<meta property=\"og:description\" content=\"Escuela Delengua offers the possibility of certifying your level of Spanish through the SIELE exam (Servicio International de Evaluaci\u00f3n de la Lengua Espa\u00f1ola) The SIELE was created by the Instituto Cervantes, la Universidad National Aut\u00f3noma de M\u00e9xico, la Universidad de Salamanca and la Universidad de Buenos Aires, thus setting a very high standard of quality [&hellip;]\" \/>\n<meta property=\"og:url\" content=\"https:\/\/delenguaformacion.es\/en\/producto\/spanish-intensive-course-siele-exam\/\" \/>\n<meta property=\"og:site_name\" content=\"Delengua\" \/>\n<meta property=\"og:image\" content=\"https:\/\/delenguaformacion.es\/wp-content\/uploads\/2024\/11\/college-mates-studying-together-1.webp\" \/>\n\t<meta property=\"og:image:width\" content=\"446\" \/>\n\t<meta property=\"og:image:height\" content=\"285\" \/>\n\t<meta property=\"og:image:type\" content=\"image\/webp\" \/>\n<meta name=\"twitter:card\" content=\"summary_large_image\" \/>\n<meta name=\"twitter:label1\" content=\"Est. reading time\" \/>\n\t<meta name=\"twitter:data1\" content=\"1 minute\" \/>\n<script type=\"application\/ld+json\" class=\"yoast-schema-graph\">{\"@context\":\"https:\\\/\\\/schema.org\",\"@graph\":[{\"@type\":\"WebPage\",\"@id\":\"https:\\\/\\\/delenguaformacion.es\\\/en\\\/producto\\\/spanish-intensive-course-siele-exam\\\/\",\"url\":\"https:\\\/\\\/delenguaformacion.es\\\/en\\\/producto\\\/spanish-intensive-course-siele-exam\\\/\",\"name\":\"Spanish Intensive Course + SIELE exam - Delengua\",\"isPartOf\":{\"@id\":\"https:\\\/\\\/delenguaformacion.es\\\/en\\\/#website\"},\"primaryImageOfPage\":{\"@id\":\"https:\\\/\\\/delenguaformacion.es\\\/en\\\/producto\\\/spanish-intensive-course-siele-exam\\\/#primaryimage\"},\"image\":{\"@id\":\"https:\\\/\\\/delenguaformacion.es\\\/en\\\/producto\\\/spanish-intensive-course-siele-exam\\\/#primaryimage\"},\"thumbnailUrl\":\"https:\\\/\\\/delenguaformacion.es\\\/wp-content\\\/uploads\\\/2024\\\/11\\\/college-mates-studying-together-1.webp\",\"datePublished\":\"2024-11-15T08:14:14+00:00\",\"breadcrumb\":{\"@id\":\"https:\\\/\\\/delenguaformacion.es\\\/en\\\/producto\\\/spanish-intensive-course-siele-exam\\\/#breadcrumb\"},\"inLanguage\":\"en-US\",\"potentialAction\":[{\"@type\":\"ReadAction\",\"target\":[\"https:\\\/\\\/delenguaformacion.es\\\/en\\\/producto\\\/spanish-intensive-course-siele-exam\\\/\"]}]},{\"@type\":\"ImageObject\",\"inLanguage\":\"en-US\",\"@id\":\"https:\\\/\\\/delenguaformacion.es\\\/en\\\/producto\\\/spanish-intensive-course-siele-exam\\\/#primaryimage\",\"url\":\"https:\\\/\\\/delenguaformacion.es\\\/wp-content\\\/uploads\\\/2024\\\/11\\\/college-mates-studying-together-1.webp\",\"contentUrl\":\"https:\\\/\\\/delenguaformacion.es\\\/wp-content\\\/uploads\\\/2024\\\/11\\\/college-mates-studying-together-1.webp\",\"width\":446,\"height\":285,\"caption\":\"college-mates-studying-together\"},{\"@type\":\"BreadcrumbList\",\"@id\":\"https:\\\/\\\/delenguaformacion.es\\\/en\\\/producto\\\/spanish-intensive-course-siele-exam\\\/#breadcrumb\",\"itemListElement\":[{\"@type\":\"ListItem\",\"position\":1,\"name\":\"Portada\",\"item\":\"https:\\\/\\\/delenguaformacion.es\\\/en\\\/\"},{\"@type\":\"ListItem\",\"position\":2,\"name\":\"Spanish Courses in Spain\",\"item\":\"https:\\\/\\\/delenguaformacion.es\\\/en\\\/spanish-courses-spain\\\/\"},{\"@type\":\"ListItem\",\"position\":3,\"name\":\"Spanish Intensive Course + SIELE exam\"}]},{\"@type\":\"WebSite\",\"@id\":\"https:\\\/\\\/delenguaformacion.es\\\/en\\\/#website\",\"url\":\"https:\\\/\\\/delenguaformacion.es\\\/en\\\/\",\"name\":\"Delengua\",\"description\":\"\",\"potentialAction\":[{\"@type\":\"SearchAction\",\"target\":{\"@type\":\"EntryPoint\",\"urlTemplate\":\"https:\\\/\\\/delenguaformacion.es\\\/en\\\/?s={search_term_string}\"},\"query-input\":{\"@type\":\"PropertyValueSpecification\",\"valueRequired\":true,\"valueName\":\"search_term_string\"}}],\"inLanguage\":\"en-US\"}]}<\/script>\n<!-- \/ Yoast SEO plugin. -->","yoast_head_json":{"title":"Spanish Intensive Course + SIELE exam - Delengua","robots":{"index":"index","follow":"follow","max-snippet":"max-snippet:-1","max-image-preview":"max-image-preview:large","max-video-preview":"max-video-preview:-1"},"canonical":"https:\/\/delenguaformacion.es\/en\/producto\/spanish-intensive-course-siele-exam\/","og_locale":"en_US","og_type":"article","og_title":"Spanish Intensive Course + SIELE exam - Delengua","og_description":"Escuela Delengua offers the possibility of certifying your level of Spanish through the SIELE exam (Servicio International de Evaluaci\u00f3n de la Lengua Espa\u00f1ola) The SIELE was created by the Instituto Cervantes, la Universidad National Aut\u00f3noma de M\u00e9xico, la Universidad de Salamanca and la Universidad de Buenos Aires, thus setting a very high standard of quality [&hellip;]","og_url":"https:\/\/delenguaformacion.es\/en\/producto\/spanish-intensive-course-siele-exam\/","og_site_name":"Delengua","og_image":[{"width":446,"height":285,"url":"https:\/\/delenguaformacion.es\/wp-content\/uploads\/2024\/11\/college-mates-studying-together-1.webp","type":"image\/webp"}],"twitter_card":"summary_large_image","twitter_misc":{"Est. reading time":"1 minute"},"schema":{"@context":"https:\/\/schema.org","@graph":[{"@type":"WebPage","@id":"https:\/\/delenguaformacion.es\/en\/producto\/spanish-intensive-course-siele-exam\/","url":"https:\/\/delenguaformacion.es\/en\/producto\/spanish-intensive-course-siele-exam\/","name":"Spanish Intensive Course + SIELE exam - Delengua","isPartOf":{"@id":"https:\/\/delenguaformacion.es\/en\/#website"},"primaryImageOfPage":{"@id":"https:\/\/delenguaformacion.es\/en\/producto\/spanish-intensive-course-siele-exam\/#primaryimage"},"image":{"@id":"https:\/\/delenguaformacion.es\/en\/producto\/spanish-intensive-course-siele-exam\/#primaryimage"},"thumbnailUrl":"https:\/\/delenguaformacion.es\/wp-content\/uploads\/2024\/11\/college-mates-studying-together-1.webp","datePublished":"2024-11-15T08:14:14+00:00","breadcrumb":{"@id":"https:\/\/delenguaformacion.es\/en\/producto\/spanish-intensive-course-siele-exam\/#breadcrumb"},"inLanguage":"en-US","potentialAction":[{"@type":"ReadAction","target":["https:\/\/delenguaformacion.es\/en\/producto\/spanish-intensive-course-siele-exam\/"]}]},{"@type":"ImageObject","inLanguage":"en-US","@id":"https:\/\/delenguaformacion.es\/en\/producto\/spanish-intensive-course-siele-exam\/#primaryimage","url":"https:\/\/delenguaformacion.es\/wp-content\/uploads\/2024\/11\/college-mates-studying-together-1.webp","contentUrl":"https:\/\/delenguaformacion.es\/wp-content\/uploads\/2024\/11\/college-mates-studying-together-1.webp","width":446,"height":285,"caption":"college-mates-studying-together"},{"@type":"BreadcrumbList","@id":"https:\/\/delenguaformacion.es\/en\/producto\/spanish-intensive-course-siele-exam\/#breadcrumb","itemListElement":[{"@type":"ListItem","position":1,"name":"Portada","item":"https:\/\/delenguaformacion.es\/en\/"},{"@type":"ListItem","position":2,"name":"Spanish Courses in Spain","item":"https:\/\/delenguaformacion.es\/en\/spanish-courses-spain\/"},{"@type":"ListItem","position":3,"name":"Spanish Intensive Course + SIELE exam"}]},{"@type":"WebSite","@id":"https:\/\/delenguaformacion.es\/en\/#website","url":"https:\/\/delenguaformacion.es\/en\/","name":"Delengua","description":"","potentialAction":[{"@type":"SearchAction","target":{"@type":"EntryPoint","urlTemplate":"https:\/\/delenguaformacion.es\/en\/?s={search_term_string}"},"query-input":{"@type":"PropertyValueSpecification","valueRequired":true,"valueName":"search_term_string"}}],"inLanguage":"en-US"}]}},"_links":{"self":[{"href":"https:\/\/delenguaformacion.es\/en\/wp-json\/wp\/v2\/product\/1665","targetHints":{"allow":["GET"]}}],"collection":[{"href":"https:\/\/delenguaformacion.es\/en\/wp-json\/wp\/v2\/product"}],"about":[{"href":"https:\/\/delenguaformacion.es\/en\/wp-json\/wp\/v2\/types\/product"}],"replies":[{"embeddable":true,"href":"https:\/\/delenguaformacion.es\/en\/wp-json\/wp\/v2\/comments?post=1665"}],"wp:featuredmedia":[{"embeddable":true,"href":"https:\/\/delenguaformacion.es\/en\/wp-json\/wp\/v2\/media\/1490"}],"wp:attachment":[{"href":"https:\/\/delenguaformacion.es\/en\/wp-json\/wp\/v2\/media?parent=1665"}],"wp:term":[{"taxonomy":"product_brand","embeddable":true,"href":"https:\/\/delenguaformacion.es\/en\/wp-json\/wp\/v2\/product_brand?post=1665"},{"taxonomy":"product_cat","embeddable":true,"href":"https:\/\/delenguaformacion.es\/en\/wp-json\/wp\/v2\/product_cat?post=1665"},{"taxonomy":"product_tag","embeddable":true,"href":"https:\/\/delenguaformacion.es\/en\/wp-json\/wp\/v2\/product_tag?post=1665"},{"taxonomy":"modalidad_curso","embeddable":true,"href":"https:\/\/delenguaformacion.es\/en\/wp-json\/wp\/v2\/modalidad_curso?post=1665"}],"curies":[{"name":"wp","href":"https:\/\/api.w.org\/{rel}","templated":true}]}}